{"id":238267,"date":"2021-02-02T14:13:46","date_gmt":"2021-02-02T13:13:46","guid":{"rendered":"https:\/\/www.coych.org\/sailing-schools\/"},"modified":"2026-05-06T11:59:31","modified_gmt":"2026-05-06T09:59:31","slug":"sailing-schools","status":"publish","type":"page","link":"https:\/\/www.coych.org\/en\/sailing-schools\/","title":{"rendered":"Sailing schools"},"content":{"rendered":"<p>[et_pb_section fb_built=&#8221;1&#8243; module_class=&#8221;no_darkmode&#8221; _builder_version=&#8221;4.16&#8243; use_background_color_gradient=&#8221;on&#8221; background_color_gradient_stops=&#8221;rgba(0,0,0,0.7) 0%|rgba(0,0,0,0.7) 100%&#8221; background_color_gradient_start=&#8221;rgba(0,0,0,0.7)&#8221; background_color_gradient_end=&#8221;rgba(0,0,0,0.7)&#8221; background_image=&#8221;https:\/\/www.coych.org\/wp-content\/uploads\/2021\/01\/ecole-de-voile.jpg&#8221; background_blend=&#8221;overlay&#8221; z_index_tablet=&#8221;500&#8243; da_disable_devices=&#8221;off|off|off&#8221; box_shadow_horizontal_tablet=&#8221;0px&#8221; box_shadow_vertical_tablet=&#8221;0px&#8221; box_shadow_blur_tablet=&#8221;40px&#8221; box_shadow_spread_tablet=&#8221;0px&#8221; global_colors_info=&#8221;{}&#8221; da_is_popup=&#8221;off&#8221; da_exit_intent=&#8221;off&#8221; da_has_close=&#8221;on&#8221; da_alt_close=&#8221;off&#8221; da_dark_close=&#8221;off&#8221; da_not_modal=&#8221;on&#8221; da_is_singular=&#8221;off&#8221; da_with_loader=&#8221;off&#8221; da_has_shadow=&#8221;on&#8221;][et_pb_row _builder_version=&#8221;4.16&#8243; custom_padding=&#8221;||||true|false&#8221; global_colors_info=&#8221;{}&#8221;][et_pb_column type=&#8221;4_4&#8243; _builder_version=&#8221;4.16&#8243; global_colors_info=&#8221;{}&#8221;][et_pb_text _builder_version=&#8221;4.16&#8243; header_font=&#8221;|600|||||||&#8221; header_text_align=&#8221;center&#8221; header_5_font=&#8221;||||||||&#8221; background_layout=&#8221;dark&#8221; width=&#8221;100%&#8221; width_tablet=&#8221;100%&#8221; width_phone=&#8221;100%&#8221; width_last_edited=&#8221;off|phone&#8221; max_width=&#8221;100%&#8221; module_alignment=&#8221;center&#8221; custom_margin=&#8221;||0px||false|false&#8221; global_colors_info=&#8221;{}&#8221;]<\/p>\n<h1>Our sailing schools<\/h1>\n<p>[\/et_pb_text][et_pb_text _builder_version=&#8221;4.16&#8243; text_font=&#8221;|600||on|||||&#8221; text_font_size=&#8221;16px&#8221; text_letter_spacing=&#8221;3px&#8221; text_orientation=&#8221;center&#8221; global_colors_info=&#8221;{}&#8221;]<\/p>\n<p>Summer and winter, COYCH on the beach!<\/p>\n<p>[\/et_pb_text][\/et_pb_column][\/et_pb_row][\/et_pb_section][et_pb_section fb_built=&#8221;1&#8243; custom_padding_last_edited=&#8221;on|phone&#8221; module_id=&#8221;winter&#8221; _builder_version=&#8221;4.16&#8243; custom_padding_tablet=&#8221;10px||10px||true|false&#8221; custom_padding_phone=&#8221;10px||10px||true|false&#8221; da_disable_devices=&#8221;off|off|off&#8221; global_colors_info=&#8221;{}&#8221; da_is_popup=&#8221;off&#8221; da_exit_intent=&#8221;off&#8221; da_has_close=&#8221;on&#8221; da_alt_close=&#8221;off&#8221; da_dark_close=&#8221;off&#8221; da_not_modal=&#8221;on&#8221; da_is_singular=&#8221;off&#8221; da_with_loader=&#8221;off&#8221; da_has_shadow=&#8221;on&#8221;][et_pb_row column_structure=&#8221;1_2,1_2&#8243; make_equal=&#8221;on&#8221; _builder_version=&#8221;4.16&#8243; global_colors_info=&#8221;{}&#8221;][et_pb_column type=&#8221;1_2&#8243; _builder_version=&#8221;4.16&#8243; custom_css_main_element=&#8221;margin: auto;&#8221; global_colors_info=&#8221;{}&#8221;][et_pb_text _builder_version=&#8221;4.16&#8243; text_font=&#8221;||||||||&#8221; header_font=&#8221;||||||||&#8221; header_2_font=&#8221;||||||||&#8221; header_3_font=&#8221;|600|||||||&#8221; header_5_font=&#8221;||||||||&#8221; width_tablet=&#8221;100%&#8221; width_phone=&#8221;100%&#8221; width_last_edited=&#8221;on|phone&#8221; module_alignment=&#8221;center&#8221; custom_margin=&#8221;||0px||false|false&#8221; global_colors_info=&#8221;{}&#8221;]<\/p>\n<h3>Winter Sailing School<\/h3>\n<p>[\/et_pb_text][et_pb_text _builder_version=&#8221;4.16&#8243; text_font=&#8221;||||||||&#8221; global_colors_info=&#8221;{}&#8221;]<\/p>\n<p>Come and learn to sail on Europe&#8217;s most beautiful body of water, in a dynamic club with qualified and motivated instructors!<\/p>\n<p>Our winter sailing school runs from the end of September to mid-June. Classes are given by our state-certified instructors. Nautical equipment is provided as well as life jackets. From the beginner&#8217;s course to the advanced course, with theoretical lessons, we propose to all publics to discover sailing.<\/p>\n<p>[\/et_pb_text][et_pb_toggle title=&#8221;Adults and teenagers&#8221; open_toggle_background_color=&#8221;#FFFFFF&#8221; closed_toggle_text_color=&#8221;#003659&#8243; closed_toggle_background_color=&#8221;#FFFFFF&#8221; icon_color=&#8221;#003659&#8243; open_icon_color=&#8221;#003659&#8243; _builder_version=&#8221;4.16&#8243; _module_preset=&#8221;default&#8221; title_font=&#8221;|600|||||||&#8221; title_font_size=&#8221;17px&#8221; closed_title_font=&#8221;|600|||||||&#8221; closed_title_font_size=&#8221;17px&#8221; border_width_all=&#8221;0px&#8221; box_shadow_style=&#8221;preset3&#8243; global_colors_info=&#8221;{}&#8221;]<\/p>\n<p>HC 16 (sport catamarans) adults<br \/>HC Dragoon (sport catamarans) teenagers<br \/>FC8 (8-metre houseboat) adults<br \/>Saturday mornings from 9:30 to 12:30<br \/>Runs from September to June except during school vacations<br \/>Rates: 475 euros for the year<\/p>\n<p>[\/et_pb_toggle][et_pb_toggle title=&#8221;Chlidren&#8221; open_toggle_background_color=&#8221;#FFFFFF&#8221; closed_toggle_text_color=&#8221;#003659&#8243; closed_toggle_background_color=&#8221;#FFFFFF&#8221; icon_color=&#8221;#003659&#8243; open_icon_color=&#8221;#003659&#8243; _builder_version=&#8221;4.16&#8243; _module_preset=&#8221;default&#8221; title_font=&#8221;|600|||||||&#8221; title_font_size=&#8221;17px&#8221; closed_title_font=&#8221;|600|||||||&#8221; closed_title_font_size=&#8221;17px&#8221; custom_margin=&#8221;-15px||||false|false&#8221; custom_padding=&#8221;||||false|false&#8221; border_width_all=&#8221;0px&#8221; box_shadow_style=&#8221;preset3&#8243; global_colors_info=&#8221;{}&#8221;]<\/p>\n<p>Optimist Beginners, Wednesday morning from 9am to 12pm<\/p>\n<p>Optimist Criterium, Saturday afternoon from 1pm to 5pm<br \/>Children with about a year&#8217;s experience, no more than 10 &#8211; 12 children<br \/>Fees: 228 euros for the school year<\/p>\n<p>[\/et_pb_toggle][et_pb_toggle title=&#8221;Competition&#8221; open_toggle_background_color=&#8221;#FFFFFF&#8221; closed_toggle_text_color=&#8221;#003659&#8243; closed_toggle_background_color=&#8221;#FFFFFF&#8221; icon_color=&#8221;#003659&#8243; open_icon_color=&#8221;#003659&#8243; _builder_version=&#8221;4.16&#8243; _module_preset=&#8221;default&#8221; title_font=&#8221;|600|||||||&#8221; title_font_size=&#8221;17px&#8221; closed_title_font=&#8221;|600|||||||&#8221; closed_title_font_size=&#8221;17px&#8221; custom_margin=&#8221;-15px||||false|false&#8221; custom_padding=&#8221;||||false|false&#8221; border_width_all=&#8221;0px&#8221; box_shadow_style=&#8221;preset3&#8243; global_colors_info=&#8221;{}&#8221;]<\/p>\n<p>Optimist Competition, Wednesday and Saturday afternoons<br \/>8 to 15 years, 9 children<\/p>\n<p>Laser Competition, Wednesday and Saturday afternoons (4.7, Radial and Standard)<br \/>Centre D\u00e9partemental d&#8217;entra\u00eenement<br \/>From age 14, with a certified level of practice.<\/p>\n<p>These fees include the annual licences of the F\u00e9d\u00e9ration Fran\u00e7aise de Voile and the membership fee for active members of the COYCH.<\/p>\n<p>[\/et_pb_toggle][et_pb_toggle title=&#8221;Information and rates&#8221; open_toggle_background_color=&#8221;#FFFFFF&#8221; closed_toggle_text_color=&#8221;#003659&#8243; closed_toggle_background_color=&#8221;#FFFFFF&#8221; icon_color=&#8221;#003659&#8243; open_icon_color=&#8221;#003659&#8243; _builder_version=&#8221;4.16&#8243; _module_preset=&#8221;default&#8221; title_font=&#8221;|600|||||||&#8221; title_font_size=&#8221;17px&#8221; closed_title_font=&#8221;|600|||||||&#8221; closed_title_font_size=&#8221;17px&#8221; custom_margin=&#8221;-15px||||false|false&#8221; custom_padding=&#8221;||||false|false&#8221; border_width_all=&#8221;0px&#8221; box_shadow_style=&#8221;preset3&#8243; global_colors_info=&#8221;{}&#8221;]<\/p>\n<p>COYCH &#8211; 14 Avenue du Docteur Robin<br \/>Espace Nautique, Etage 1<br \/>T\u00e9l : 0494386167<br \/>Mail : contact@coych.org<br \/>www.coych.org<\/p>\n<p>In case of absence:<br \/>Sophie : 06 25 62 24 80<\/p>\n<p>[\/et_pb_toggle][\/et_pb_column][et_pb_column type=&#8221;1_2&#8243; _builder_version=&#8221;4.16&#8243; global_colors_info=&#8221;{}&#8221;][et_pb_image src=&#8221;https:\/\/www.coych.org\/wp-content\/uploads\/2021\/01\/evh01.jpg&#8221; title_text=&#8221;evh01&#8243; _builder_version=&#8221;4.16&#8243; _module_preset=&#8221;default&#8221; width=&#8221;70%&#8221; width_tablet=&#8221;100%&#8221; width_phone=&#8221;&#8221; width_last_edited=&#8221;on|phone&#8221; module_alignment=&#8221;center&#8221; custom_margin_tablet=&#8221;35px||||false|false&#8221; custom_margin_phone=&#8221;&#8221; custom_margin_last_edited=&#8221;on|phone&#8221; global_colors_info=&#8221;{}&#8221;][\/et_pb_image][et_pb_image src=&#8221;https:\/\/www.coych.org\/wp-content\/uploads\/2021\/01\/evh02.jpg&#8221; title_text=&#8221;evh02&#8243; _builder_version=&#8221;4.16&#8243; _module_preset=&#8221;default&#8221; width=&#8221;70%&#8221; width_tablet=&#8221;100%&#8221; width_phone=&#8221;&#8221; width_last_edited=&#8221;on|phone&#8221; module_alignment=&#8221;center&#8221; global_colors_info=&#8221;{}&#8221;][\/et_pb_image][\/et_pb_column][\/et_pb_row][\/et_pb_section][et_pb_section fb_built=&#8221;1&#8243; custom_padding_last_edited=&#8221;on|phone&#8221; module_id=&#8221;summer&#8221; _builder_version=&#8221;4.16&#8243; custom_padding_tablet=&#8221;10px||10px||true|false&#8221; custom_padding_phone=&#8221;10px||10px||true|false&#8221; da_disable_devices=&#8221;off|off|off&#8221; global_colors_info=&#8221;{}&#8221; da_is_popup=&#8221;off&#8221; da_exit_intent=&#8221;off&#8221; da_has_close=&#8221;on&#8221; da_alt_close=&#8221;off&#8221; da_dark_close=&#8221;off&#8221; da_not_modal=&#8221;on&#8221; da_is_singular=&#8221;off&#8221; da_with_loader=&#8221;off&#8221; da_has_shadow=&#8221;on&#8221;][et_pb_row column_structure=&#8221;1_2,1_2&#8243; make_equal=&#8221;on&#8221; module_class=&#8221;flip&#8221; _builder_version=&#8221;4.16&#8243; global_colors_info=&#8221;{}&#8221;][et_pb_column type=&#8221;1_2&#8243; _builder_version=&#8221;4.16&#8243; global_colors_info=&#8221;{}&#8221;][et_pb_image src=&#8221;https:\/\/www.coych.org\/wp-content\/uploads\/2021\/01\/eve01.jpg&#8221; title_text=&#8221;eve01&#8243; _builder_version=&#8221;4.16&#8243; _module_preset=&#8221;default&#8221; width=&#8221;70%&#8221; width_tablet=&#8221;100%&#8221; width_phone=&#8221;&#8221; width_last_edited=&#8221;on|phone&#8221; module_alignment=&#8221;center&#8221; custom_margin_tablet=&#8221;35px||||false|false&#8221; custom_margin_phone=&#8221;&#8221; custom_margin_last_edited=&#8221;on|desktop&#8221; global_colors_info=&#8221;{}&#8221;][\/et_pb_image][et_pb_image src=&#8221;https:\/\/www.coych.org\/wp-content\/uploads\/2021\/01\/eve02.jpg&#8221; title_text=&#8221;eve02&#8243; _builder_version=&#8221;4.16&#8243; _module_preset=&#8221;default&#8221; width=&#8221;70%&#8221; width_tablet=&#8221;100%&#8221; width_phone=&#8221;&#8221; width_last_edited=&#8221;on|phone&#8221; module_alignment=&#8221;center&#8221; global_colors_info=&#8221;{}&#8221;][\/et_pb_image][et_pb_button button_url=&#8221;https:\/\/www.coych.org\/en\/the-shop\/&#8221; button_text=&#8221;Online registration!&#8221; button_alignment=&#8221;center&#8221; _builder_version=&#8221;4.16&#8243; _module_preset=&#8221;default&#8221; custom_padding=&#8221;10px|50px|10px|50px|true|true&#8221; global_colors_info=&#8221;{}&#8221;][\/et_pb_button][\/et_pb_column][et_pb_column type=&#8221;1_2&#8243; _builder_version=&#8221;4.16&#8243; custom_css_main_element=&#8221;margin: auto;&#8221; global_colors_info=&#8221;{}&#8221;][et_pb_text _builder_version=&#8221;4.16&#8243; text_font=&#8221;||||||||&#8221; header_font=&#8221;||||||||&#8221; header_2_font=&#8221;||||||||&#8221; header_3_font=&#8221;|600|||||||&#8221; header_5_font=&#8221;||||||||&#8221; width_tablet=&#8221;100%&#8221; width_phone=&#8221;100%&#8221; width_last_edited=&#8221;on|phone&#8221; module_alignment=&#8221;center&#8221; custom_margin=&#8221;||0px||false|false&#8221; global_colors_info=&#8221;{}&#8221;]<\/p>\n<h3>Summer Sailing School<\/h3>\n<p>[\/et_pb_text][et_pb_text _builder_version=&#8221;4.16&#8243; text_font=&#8221;||||||||&#8221; global_colors_info=&#8221;{}&#8221;]<\/p>\n<p><span>The COYCH sailing school offers courses that will allow you to go wherever you want on the water with sufficient mastery of your boat.<\/span><\/p>\n<p><span>Supervision on the water is provided by COYCH-qualified instructors (federal and state instructors) who also train our competition teams all year round on different supports.<\/span><\/p>\n<p><span>These courses are based on a technical and pedagogical progression composed of exercises that will help you evaluate your progress and inform you of the difficulties to be overcome in order to progress better. Theoretical lessons are also given every day before and after the sea trips. At the end of the course, you will be given a national booklet, certifying the level acquired and valid in all French Sailing Schools.<\/span><\/p>\n<p>[\/et_pb_text][et_pb_toggle title=&#8221;Optimist&#8221; open_toggle_background_color=&#8221;#FFFFFF&#8221; closed_toggle_text_color=&#8221;#003659&#8243; closed_toggle_background_color=&#8221;#FFFFFF&#8221; icon_color=&#8221;#003659&#8243; open_icon_color=&#8221;#003659&#8243; _builder_version=&#8221;4.27.6&#8243; _module_preset=&#8221;default&#8221; title_font=&#8221;|600|||||||&#8221; title_font_size=&#8221;17px&#8221; closed_title_font=&#8221;|600|||||||&#8221; closed_title_font_size=&#8221;17px&#8221; hover_enabled=&#8221;0&#8243; border_width_all=&#8221;0px&#8221; box_shadow_style=&#8221;preset3&#8243; global_colors_info=&#8221;{}&#8221; sticky_enabled=&#8221;0&#8243;]<\/p>\n<p>The undeniable optimist will lead the youngest to the discovery of sailing: rigging, manoeuvring, safety and the pleasure of sailing alone.<\/p>\n<p>From 7 to 14 years old<\/p>\n<p><span>First course : 180\u20ac<\/span><br \/><span>Second course : 150\u20ac<\/span><\/p>\n<p>[\/et_pb_toggle][et_pb_toggle title=&#8221;Hobie Cat Dragoon (catamaran)&#8221; open_toggle_background_color=&#8221;#FFFFFF&#8221; closed_toggle_text_color=&#8221;#003659&#8243; closed_toggle_background_color=&#8221;#FFFFFF&#8221; icon_color=&#8221;#003659&#8243; open_icon_color=&#8221;#003659&#8243; _builder_version=&#8221;4.27.6&#8243; _module_preset=&#8221;default&#8221; title_font=&#8221;|600|||||||&#8221; title_font_size=&#8221;17px&#8221; closed_title_font=&#8221;|600|||||||&#8221; closed_title_font_size=&#8221;17px&#8221; custom_margin=&#8221;-15px||||false|false&#8221; custom_padding=&#8221;||||false|false&#8221; hover_enabled=&#8221;0&#8243; border_width_all=&#8221;0px&#8221; box_shadow_style=&#8221;preset3&#8243; global_colors_info=&#8221;{}&#8221; sticky_enabled=&#8221;0&#8243;]<\/p>\n<p>The Hobie Cat Dragoon will allow young sailors to familiarise themselves with the specific manoeuvres of the catamaran while discovering the joys of gliding and trapeze.<\/p>\n<p>From 10 to 15 years old<\/p>\n<p><span>First course : 195\u20ac<\/span><br \/><span>Second course : 160\u20ac<\/span><\/p>\n<p>[\/et_pb_toggle][et_pb_toggle title=&#8221;Hobie Cat 16 (teenagers and adults)&#8221; open_toggle_background_color=&#8221;#FFFFFF&#8221; closed_toggle_text_color=&#8221;#003659&#8243; closed_toggle_background_color=&#8221;#FFFFFF&#8221; icon_color=&#8221;#003659&#8243; open_icon_color=&#8221;#003659&#8243; _builder_version=&#8221;4.27.6&#8243; _module_preset=&#8221;default&#8221; title_font=&#8221;|600|||||||&#8221; title_font_size=&#8221;17px&#8221; closed_title_font=&#8221;|600|||||||&#8221; closed_title_font_size=&#8221;17px&#8221; custom_margin=&#8221;-15px||||false|false&#8221; custom_padding=&#8221;||||false|false&#8221; hover_enabled=&#8221;0&#8243; border_width_all=&#8221;0px&#8221; box_shadow_style=&#8221;preset3&#8243; global_colors_info=&#8221;{}&#8221; sticky_enabled=&#8221;0&#8243;]<\/p>\n<p>The most widespread sport catamaran in the world, beginners and experienced sailors will share the same sensations of gliding and speed thanks to its double trapeze and banana hulls.<\/p>\n<p>From 15 years old<\/p>\n<p>Junior, first course : 200\u20ac<br \/>Junior, second course : 160\u20ac<\/p>\n<p>Senior, first course : 205\u20ac<br \/>Senior, second course : 160\u20ac<\/p>\n<p>[\/et_pb_toggle][et_pb_toggle title=&#8221;Information&#8221; open_toggle_background_color=&#8221;#FFFFFF&#8221; closed_toggle_text_color=&#8221;#003659&#8243; closed_toggle_background_color=&#8221;#FFFFFF&#8221; icon_color=&#8221;#003659&#8243; open_icon_color=&#8221;#003659&#8243; _builder_version=&#8221;4.24.3&#8243; _module_preset=&#8221;default&#8221; title_font=&#8221;|600|||||||&#8221; title_font_size=&#8221;17px&#8221; closed_title_font=&#8221;|600|||||||&#8221; closed_title_font_size=&#8221;17px&#8221; custom_margin=&#8221;-15px||||false|false&#8221; custom_padding=&#8221;||||false|false&#8221; border_width_all=&#8221;0px&#8221; box_shadow_style=&#8221;preset3&#8243; global_colors_info=&#8221;{}&#8221;]<\/p>\n<p>The ages mentioned are given as an indication, changes can be made by the instructors according to the trainee&#8217;s size.<\/p>\n<p>The above rates include the COYCH membership fee but do not include the FFV licence, which is compulsory for the practice of sailing. For those who do not have a valid license, a &#8220;Ecole de Voile&#8221; license will be issued for 14\u20ac.<\/p>\n<p>[\/et_pb_toggle][\/et_pb_column][\/et_pb_row][et_pb_row _builder_version=&#8221;4.16&#8243; _module_preset=&#8221;default&#8221; global_colors_info=&#8221;{}&#8221;][et_pb_column type=&#8221;4_4&#8243; _builder_version=&#8221;4.16&#8243; _module_preset=&#8221;default&#8221; global_colors_info=&#8221;{}&#8221;][et_pb_shop type=&#8221;product_category&#8221; include_categories=&#8221;56&#8243; columns_number=&#8221;4&#8243; _builder_version=&#8221;4.16&#8243; _module_preset=&#8221;default&#8221; price_text_color=&#8221;#FFFFFF&#8221; global_colors_info=&#8221;{}&#8221;][\/et_pb_shop][\/et_pb_column][\/et_pb_row][\/et_pb_section][et_pb_section fb_built=&#8221;1&#8243; custom_padding_last_edited=&#8221;on|tablet&#8221; module_id=&#8221;coych-on-the-beach&#8221; _builder_version=&#8221;4.16&#8243; custom_padding_tablet=&#8221;10px||10px||true|false&#8221; custom_padding_phone=&#8221;10px||10px||true|false&#8221; da_disable_devices=&#8221;off|off|off&#8221; global_colors_info=&#8221;{}&#8221; da_is_popup=&#8221;off&#8221; da_exit_intent=&#8221;off&#8221; da_has_close=&#8221;on&#8221; da_alt_close=&#8221;off&#8221; da_dark_close=&#8221;off&#8221; da_not_modal=&#8221;on&#8221; da_is_singular=&#8221;off&#8221; da_with_loader=&#8221;off&#8221; da_has_shadow=&#8221;on&#8221;][et_pb_row column_structure=&#8221;1_2,1_2&#8243; make_equal=&#8221;on&#8221; _builder_version=&#8221;4.16&#8243; global_colors_info=&#8221;{}&#8221;][et_pb_column type=&#8221;1_2&#8243; _builder_version=&#8221;4.16&#8243; custom_css_main_element=&#8221;margin: auto;&#8221; global_colors_info=&#8221;{}&#8221;][et_pb_text _builder_version=&#8221;4.16&#8243; text_font=&#8221;||||||||&#8221; header_font=&#8221;||||||||&#8221; header_2_font=&#8221;||||||||&#8221; header_3_font=&#8221;|600|||||||&#8221; header_5_font=&#8221;||||||||&#8221; width_tablet=&#8221;100%&#8221; width_phone=&#8221;100%&#8221; width_last_edited=&#8221;on|phone&#8221; module_alignment=&#8221;center&#8221; custom_margin=&#8221;||0px||false|false&#8221; global_colors_info=&#8221;{}&#8221;]<\/p>\n<h3>COYCH on the beach<\/h3>\n<p>[\/et_pb_text][et_pb_text _builder_version=&#8221;4.16&#8243; text_font=&#8221;||||||||&#8221; global_colors_info=&#8221;{}&#8221;]<\/p>\n<p>The COYCH offers on the Ayguade site in Hy\u00e8res a rental point \/ private lessons all summer long.<\/p>\n<p>You will find Paddle, Kayak, Windsurfing, Foil and Catamaran.<\/p>\n<p>[\/et_pb_text][et_pb_toggle title=&#8221;Rentals&#8221; open_toggle_background_color=&#8221;#FFFFFF&#8221; closed_toggle_text_color=&#8221;#003659&#8243; closed_toggle_background_color=&#8221;#FFFFFF&#8221; icon_color=&#8221;#003659&#8243; open_icon_color=&#8221;#003659&#8243; _builder_version=&#8221;4.27.4&#8243; _module_preset=&#8221;default&#8221; title_font=&#8221;|600|||||||&#8221; title_font_size=&#8221;17px&#8221; closed_title_font=&#8221;|600|||||||&#8221; closed_title_font_size=&#8221;17px&#8221; border_width_all=&#8221;0px&#8221; box_shadow_style=&#8221;preset3&#8243; global_colors_info=&#8221;{}&#8221;]<\/p>\n<p><span>All our paddle rentals are accompanied by our instructors. The 3h and 5h rentals can be split into 3 x 1h and 5 x 1h.<\/span><\/p>\n<p><span>Paddle: 10\u20ac (1 hour) | 25\u20ac (3 hours) | 40\u20ac (5 hours)<br \/>Windsurfing: 25\u20ac (1 hour) | 60\u20ac (3 hours) | 85\u20ac (5 hours)<br \/>Catamaran: 40\u20ac (1 hour) | 100\u20ac (3 hours) | 160\u20ac (5 hours)<br \/><\/span><\/p>\n<p>[\/et_pb_toggle][et_pb_toggle title=&#8221;Private lessons&#8221; open_toggle_background_color=&#8221;#FFFFFF&#8221; closed_toggle_text_color=&#8221;#003659&#8243; closed_toggle_background_color=&#8221;#FFFFFF&#8221; icon_color=&#8221;#003659&#8243; open_icon_color=&#8221;#003659&#8243; _builder_version=&#8221;4.27.4&#8243; _module_preset=&#8221;default&#8221; title_font=&#8221;|600|||||||&#8221; title_font_size=&#8221;17px&#8221; closed_title_font=&#8221;|600|||||||&#8221; closed_title_font_size=&#8221;17px&#8221; custom_margin=&#8221;-15px||||false|false&#8221; custom_padding=&#8221;||||false|false&#8221; border_width_all=&#8221;0px&#8221; box_shadow_style=&#8221;preset3&#8243; global_colors_info=&#8221;{}&#8221;]<\/p>\n<p><span>The 3h and 5h private lessons can be divided into 3 x 1h and 5 x 1h.<\/span><\/p>\n<p>Windsurfing: 40\u20ac (1 hour) | 100\u20ac (3 hours) | 160\u20ac (5 hours)<br \/>Catamaran 1p.: 60\u20ac (1 hour) | 160\u20ac (3 hours) | 250\u20ac (5 hours)<br \/>Catamaran 2p.: 80\u20ac (1 hour) | 180\u20ac (3 hours) | 280\u20ac (5 hours)<\/p>\n<p>[\/et_pb_toggle][et_pb_toggle title=&#8221;Courses&#8221; open_toggle_background_color=&#8221;#FFFFFF&#8221; closed_toggle_text_color=&#8221;#003659&#8243; closed_toggle_background_color=&#8221;#FFFFFF&#8221; icon_color=&#8221;#003659&#8243; open_icon_color=&#8221;#003659&#8243; _builder_version=&#8221;4.27.4&#8243; _module_preset=&#8221;default&#8221; title_font=&#8221;|600|||||||&#8221; title_font_size=&#8221;17px&#8221; closed_title_font=&#8221;|600|||||||&#8221; closed_title_font_size=&#8221;17px&#8221; custom_margin=&#8221;-15px||||false|false&#8221; custom_padding=&#8221;||||false|false&#8221; border_width_all=&#8221;0px&#8221; box_shadow_style=&#8221;preset3&#8243; global_colors_info=&#8221;{}&#8221;]<\/p>\n<p><strong>Mini-wish<\/strong><br \/>For 5\/7 year-olds<br \/>Only one condition: ability to swim<br \/>Monday to Friday, 9:30 to 10:30 am<br \/>130\u20ac per week<\/p>\n<p><strong>Windsurfing beginner<\/strong><br \/>Monday to Friday, 10:30 a.m. to 12 p.m.<br \/>\u20ac175 per week<\/p>\n<p>[\/et_pb_toggle][\/et_pb_column][et_pb_column type=&#8221;1_2&#8243; _builder_version=&#8221;4.16&#8243; global_colors_info=&#8221;{}&#8221;][et_pb_image src=&#8221;https:\/\/www.coych.org\/wp-content\/uploads\/2021\/02\/coychonthebeach.jpg&#8221; title_text=&#8221;coychonthebeach&#8221; _builder_version=&#8221;4.16&#8243; _module_preset=&#8221;default&#8221; width=&#8221;70%&#8221; width_tablet=&#8221;100%&#8221; width_phone=&#8221;&#8221; width_last_edited=&#8221;on|phone&#8221; module_alignment=&#8221;center&#8221; custom_margin=&#8221;||||false|false&#8221; custom_margin_tablet=&#8221;35px||||false|false&#8221; custom_margin_phone=&#8221;35px||||false|false&#8221; custom_margin_last_edited=&#8221;on|phone&#8221; global_colors_info=&#8221;{}&#8221;][\/et_pb_image][et_pb_image src=&#8221;https:\/\/www.coych.org\/wp-content\/uploads\/2021\/02\/paddle.jpg&#8221; title_text=&#8221;paddle&#8221; _builder_version=&#8221;4.16&#8243; _module_preset=&#8221;default&#8221; width=&#8221;70%&#8221; width_tablet=&#8221;100%&#8221; width_phone=&#8221;&#8221; width_last_edited=&#8221;on|phone&#8221; module_alignment=&#8221;center&#8221; global_colors_info=&#8221;{}&#8221;][\/et_pb_image][\/et_pb_column][\/et_pb_row][\/et_pb_section]<\/p>\n","protected":false},"excerpt":{"rendered":"<p>Our sailing schoolsSummer and winter, COYCH on the beach!Winter Sailing SchoolCome and learn to sail on Europe&#8217;s most beautiful body of water, in a dynamic club with qualified and motivated instructors! Our winter sailing school runs from the end of September to mid-June. Classes are given by our state-certified instructors. Nautical equipment is provided as [&hellip;]<\/p>\n","protected":false},"author":1,"featured_media":0,"parent":0,"menu_order":0,"comment_status":"closed","ping_status":"closed","template":"","meta":{"_et_pb_use_builder":"on","_et_pb_old_content":"","_et_gb_content_width":"","footnotes":""},"class_list":["post-238267","page","type-page","status-publish","hentry"],"_links":{"self":[{"href":"https:\/\/www.coych.org\/en\/wp-json\/wp\/v2\/pages\/238267","targetHints":{"allow":["GET"]}}],"collection":[{"href":"https:\/\/www.coych.org\/en\/wp-json\/wp\/v2\/pages"}],"about":[{"href":"https:\/\/www.coych.org\/en\/wp-json\/wp\/v2\/types\/page"}],"author":[{"embeddable":true,"href":"https:\/\/www.coych.org\/en\/wp-json\/wp\/v2\/users\/1"}],"replies":[{"embeddable":true,"href":"https:\/\/www.coych.org\/en\/wp-json\/wp\/v2\/comments?post=238267"}],"version-history":[{"count":25,"href":"https:\/\/www.coych.org\/en\/wp-json\/wp\/v2\/pages\/238267\/revisions"}],"predecessor-version":[{"id":252323,"href":"https:\/\/www.coych.org\/en\/wp-json\/wp\/v2\/pages\/238267\/revisions\/252323"}],"wp:attachment":[{"href":"https:\/\/www.coych.org\/en\/wp-json\/wp\/v2\/media?parent=238267"}],"curies":[{"name":"wp","href":"https:\/\/api.w.org\/{rel}","templated":true}]}}