{"id":238417,"date":"2021-02-08T15:00:37","date_gmt":"2021-02-08T14:00:37","guid":{"rendered":"https:\/\/www.coych.org\/regate\/ffvoile-licence\/"},"modified":"2024-09-20T20:15:43","modified_gmt":"2024-09-20T18:15:43","slug":"licence-ffvoile","status":"publish","type":"product","link":"https:\/\/www.coych.org\/en\/regate\/licence-ffvoile\/","title":{"rendered":"FFVoile licence"},"content":{"rendered":"<p>[et_pb_section fb_built=&#8221;1&#8243; module_class=&#8221;no_darkmode&#8221; _builder_version=&#8221;4.8.2&#8243; use_background_color_gradient=&#8221;on&#8221; background_color_gradient_start=&#8221;rgba(0,0,0,0.7)&#8221; background_color_gradient_end=&#8221;rgba(0,0,0,0.7)&#8221; background_image=&#8221;https:\/\/www.coych.org\/wp-content\/uploads\/2021\/01\/header-sb20.jpg&#8221; background_blend=&#8221;overlay&#8221; custom_padding=&#8221;100px||100px||true|false&#8221; z_index_tablet=&#8221;500&#8243; box_shadow_horizontal_tablet=&#8221;0px&#8221; box_shadow_vertical_tablet=&#8221;0px&#8221; box_shadow_blur_tablet=&#8221;40px&#8221; box_shadow_spread_tablet=&#8221;0px&#8221;][et_pb_row _builder_version=&#8221;4.8.2&#8243; custom_padding=&#8221;||||true|false&#8221;][et_pb_column type=&#8221;4_4&#8243; _builder_version=&#8221;3.25.3&#8243;][et_pb_wc_title _builder_version=&#8221;4.8.2&#8243; header_font=&#8221;|600|||||||&#8221; header_text_align=&#8221;center&#8221; header_text_color=&#8221;#FFFFFF&#8221;][\/et_pb_wc_title][\/et_pb_column][\/et_pb_row][\/et_pb_section][et_pb_section fb_built=&#8221;1&#8243; _builder_version=&#8221;3.22&#8243; custom_padding=&#8221;0px||||false|false&#8221;][et_pb_row _builder_version=&#8221;4.8.2&#8243; background_size=&#8221;initial&#8221; background_position=&#8221;top_left&#8221; background_repeat=&#8221;repeat&#8221; width_last_edited=&#8221;off|desktop&#8221; custom_padding=&#8221;||||false|false&#8221;][et_pb_column type=&#8221;4_4&#8243; _builder_version=&#8221;3.25&#8243; custom_padding=&#8221;|||&#8221; custom_padding__hover=&#8221;|||&#8221;][et_pb_wc_cart_notice _builder_version=&#8221;3.0.47&#8243;][\/et_pb_wc_cart_notice][\/et_pb_column][\/et_pb_row][et_pb_row column_structure=&#8221;2_3,1_3&#8243; _builder_version=&#8221;4.8.2&#8243; _module_preset=&#8221;default&#8221;][et_pb_column type=&#8221;2_3&#8243; _builder_version=&#8221;4.8.2&#8243; _module_preset=&#8221;default&#8221;][et_pb_text _builder_version=&#8221;4.8.2&#8243; _module_preset=&#8221;default&#8221; header_2_font=&#8221;|300|||||||&#8221; header_2_font_size=&#8221;25px&#8221;]<\/p>\n<h2>Your FFVoile licence sent directly to your home!<\/h2>\n<p>[\/et_pb_text][et_pb_text _builder_version=&#8221;4.8.2&#8243; _module_preset=&#8221;default&#8221;]<\/p>\n<p>The price includes the licence and shipping costs (only in France, contact us for abroad).<\/p>\n<p>[\/et_pb_text][et_pb_wc_price _builder_version=&#8221;3.0.47&#8243;][\/et_pb_wc_price][et_pb_wc_add_to_cart show_quantity=&#8221;off&#8221; _builder_version=&#8221;4.8.2&#8243; custom_button=&#8221;on&#8221; button_text_size=&#8221;20px&#8221; button_bg_use_color_gradient=&#8221;on&#8221; button_bg_color_gradient_start=&#8221;#003659&#8243; button_bg_color_gradient_end=&#8221;#e6b012&#8243; button_bg_color_gradient_direction=&#8221;135deg&#8221; button_bg_color_gradient_start_position=&#8221;90%&#8221; button_bg_color_gradient_end_position=&#8221;90%&#8221; button_bg_color__hover_enabled=&#8221;on|hover&#8221; button_bg_color_gradient_start__hover=&#8221;#e6b012&#8243; button_bg_use_color_gradient__hover=&#8221;on&#8221; button_bg_color_gradient_end__hover=&#8221;#003659&#8243;][\/et_pb_wc_add_to_cart][\/et_pb_column][et_pb_column type=&#8221;1_3&#8243; _builder_version=&#8221;4.8.2&#8243; _module_preset=&#8221;default&#8221;][et_pb_image src=&#8221;@ET-DC@eyJkeW5hbWljIjp0cnVlLCJjb250ZW50IjoicG9zdF9mZWF0dXJlZF9pbWFnZSIsInNldHRpbmdzIjp7fX0=@&#8221; _builder_version=&#8221;4.8.2&#8243; _dynamic_attributes=&#8221;src&#8221; _module_preset=&#8221;default&#8221; custom_margin=&#8221;||||false|false&#8221; custom_padding=&#8221;||||false|false&#8221;][\/et_pb_image][\/et_pb_column][\/et_pb_row][\/et_pb_section]<\/p>\n","protected":false},"excerpt":{"rendered":"<p>Your FFVoile licence sent directly to your home!The price includes the licence and shipping costs (only in France, contact us for abroad).<\/p>\n","protected":false},"featured_media":238414,"template":"","meta":{"_et_pb_use_builder":"on","_et_pb_old_content":"Your FFVoile licence sent directly to your home!\n\nThe price includes the licence and shipping costs (only in France, contact us for abroad).\n\n<strong>You will receive an email to complete your information. Please reply to this one and attach a medical certificate as soon as possible to validate your licence.<\/strong>\n<p class=\"\" p1=\"\"><span s1=\"\" class=\"\">From 01\/01\/2017<\/span><span s2=\"\" class=\"\">The French Sailing Federation requires a medical certificate for the issue of any sports licence.<\/span><\/p>\n<p class=\"\" p1=\"\"><span class=\"\" s2=\"\">After payment of your licence order, you will receive an email requesting additional information as well as a copy of your medical certificate dated less than one year ago (by email or MMS).<\/span><\/p>","_et_gb_content_width":""},"product_brand":[],"product_cat":[51],"product_tag":[],"class_list":{"0":"post-238417","1":"product","2":"type-product","3":"status-publish","4":"has-post-thumbnail","6":"product_cat-licence-and-membership-fee","8":"first","9":"instock","10":"shipping-taxable","11":"purchasable","12":"product-type-variable"},"exclude_global_add_ons":false,"addons":[{"name":"Pr\u00e9nom","type":"custom_text","position":0,"required":true,"title_format":"label","default":"","description_enable":false,"description":"","placeholder_enable":false,"placeholder":"","display":"select","restrictions_type":"any_text","adjust_price":false,"price":"","price_type":"flat_fee","restrictions":false,"min":"0","max":"0","options":[]},{"name":"Nom","type":"custom_text","position":1,"required":true,"title_format":"label","default":"","description_enable":false,"description":"","placeholder_enable":false,"placeholder":"","display":"select","restrictions_type":"any_text","adjust_price":false,"price":"","price_type":"flat_fee","restrictions":false,"min":"0","max":"0","options":[]},{"name":"Date de naissance","type":"custom_text","position":2,"required":true,"title_format":"label","default":"","description_enable":false,"description":"","placeholder_enable":false,"placeholder":"","display":"select","restrictions_type":"any_text","adjust_price":false,"price":"","price_type":"flat_fee","restrictions":false,"min":"0","max":"0","options":[]},{"name":"Adresse","type":"custom_textarea","position":3,"required":true,"title_format":"label","default":"","description_enable":false,"description":"","placeholder_enable":false,"placeholder":"","display":"select","restrictions_type":"any_text","adjust_price":false,"price":"","price_type":"flat_fee","restrictions":false,"min":"0","max":"0","options":[]},{"name":"Email","type":"custom_text","position":4,"required":true,"title_format":"label","default":"","description_enable":false,"description":"","placeholder_enable":false,"placeholder":"","display":"select","restrictions_type":"email","adjust_price":false,"price":"","price_type":"flat_fee","restrictions":false,"min":"0","max":"0","options":[]},{"name":"Certificat m\u00e9dical","type":"file_upload","position":5,"required":false,"title_format":"label","default":"","description_enable":true,"description":"A partir du 01\/01\/2017, la F\u00e9d\u00e9ration Fran\u00e7aise de Voile exige un certificat m\u00e9dical pour la d\u00e9livrance de toute licence sportive.","placeholder_enable":false,"placeholder":"","display":"select","restrictions_type":"any_text","adjust_price":false,"price":"","price_type":"flat_fee","restrictions":false,"min":"0","max":"0","options":[]}],"_links":{"self":[{"href":"https:\/\/www.coych.org\/en\/wp-json\/wp\/v2\/product\/238417","targetHints":{"allow":["GET"]}}],"collection":[{"href":"https:\/\/www.coych.org\/en\/wp-json\/wp\/v2\/product"}],"about":[{"href":"https:\/\/www.coych.org\/en\/wp-json\/wp\/v2\/types\/product"}],"wp:featuredmedia":[{"embeddable":true,"href":"https:\/\/www.coych.org\/en\/wp-json\/wp\/v2\/media\/238414"}],"wp:attachment":[{"href":"https:\/\/www.coych.org\/en\/wp-json\/wp\/v2\/media?parent=238417"}],"wp:term":[{"taxonomy":"product_brand","embeddable":true,"href":"https:\/\/www.coych.org\/en\/wp-json\/wp\/v2\/product_brand?post=238417"},{"taxonomy":"product_cat","embeddable":true,"href":"https:\/\/www.coych.org\/en\/wp-json\/wp\/v2\/product_cat?post=238417"},{"taxonomy":"product_tag","embeddable":true,"href":"https:\/\/www.coych.org\/en\/wp-json\/wp\/v2\/product_tag?post=238417"}],"curies":[{"name":"wp","href":"https:\/\/api.w.org\/{rel}","templated":true}]}}