{"id":238673,"date":"2021-04-28T16:03:51","date_gmt":"2021-04-28T14:03:51","guid":{"rendered":"https:\/\/www.coych.org\/?post_type=product&#038;p=238673"},"modified":"2026-05-06T11:49:18","modified_gmt":"2026-05-06T09:49:18","slug":"optimist-perfectionnement","status":"publish","type":"product","link":"https:\/\/www.coych.org\/en\/regate\/optimist-perfectionnement\/","title":{"rendered":"Optimist perfectionnement"},"content":{"rendered":"<p>[et_pb_section fb_built=&#8221;1&#8243; module_class=&#8221;no_darkmode&#8221; _builder_version=&#8221;4.16&#8243; _dynamic_attributes=&#8221;background_image&#8221; use_background_color_gradient=&#8221;on&#8221; background_color_gradient_stops=&#8221;rgba(0,0,0,0.7) 0%|rgba(0,0,0,0.7) 100%&#8221; background_color_gradient_start=&#8221;rgba(0,0,0,0.7)&#8221; background_color_gradient_end=&#8221;rgba(0,0,0,0.7)&#8221; background_image=&#8221;@ET-DC@eyJkeW5hbWljIjp0cnVlLCJjb250ZW50IjoicG9zdF9mZWF0dXJlZF9pbWFnZSIsInNldHRpbmdzIjp7fX0=@&#8221; background_blend=&#8221;overlay&#8221; custom_padding=&#8221;100px||100px||true|false&#8221; z_index_tablet=&#8221;500&#8243; da_disable_devices=&#8221;off|off|off&#8221; box_shadow_horizontal_tablet=&#8221;0px&#8221; box_shadow_vertical_tablet=&#8221;0px&#8221; box_shadow_blur_tablet=&#8221;40px&#8221; box_shadow_spread_tablet=&#8221;0px&#8221; global_colors_info=&#8221;{}&#8221; da_is_popup=&#8221;off&#8221; da_exit_intent=&#8221;off&#8221; da_has_close=&#8221;on&#8221; da_alt_close=&#8221;off&#8221; da_dark_close=&#8221;off&#8221; da_not_modal=&#8221;on&#8221; da_is_singular=&#8221;off&#8221; da_with_loader=&#8221;off&#8221; da_has_shadow=&#8221;on&#8221;][et_pb_row _builder_version=&#8221;4.16&#8243; custom_padding=&#8221;||||true|false&#8221; global_colors_info=&#8221;{}&#8221;][et_pb_column type=&#8221;4_4&#8243; _builder_version=&#8221;4.16&#8243; global_colors_info=&#8221;{}&#8221;][et_pb_wc_title _builder_version=&#8221;4.16&#8243; header_font=&#8221;|600|||||||&#8221; header_text_align=&#8221;center&#8221; header_text_color=&#8221;#FFFFFF&#8221; global_colors_info=&#8221;{}&#8221;][\/et_pb_wc_title][\/et_pb_column][\/et_pb_row][\/et_pb_section][et_pb_section fb_built=&#8221;1&#8243; _builder_version=&#8221;4.16&#8243; custom_padding=&#8221;0px||||false|false&#8221; da_disable_devices=&#8221;off|off|off&#8221; global_colors_info=&#8221;{}&#8221; da_is_popup=&#8221;off&#8221; da_exit_intent=&#8221;off&#8221; da_has_close=&#8221;on&#8221; da_alt_close=&#8221;off&#8221; da_dark_close=&#8221;off&#8221; da_not_modal=&#8221;on&#8221; da_is_singular=&#8221;off&#8221; da_with_loader=&#8221;off&#8221; da_has_shadow=&#8221;on&#8221;][et_pb_row _builder_version=&#8221;4.16&#8243; background_size=&#8221;initial&#8221; background_position=&#8221;top_left&#8221; background_repeat=&#8221;repeat&#8221; width_last_edited=&#8221;off|desktop&#8221; custom_padding=&#8221;||||false|false&#8221; global_colors_info=&#8221;{}&#8221;][et_pb_column type=&#8221;4_4&#8243; _builder_version=&#8221;4.16&#8243; custom_padding=&#8221;|||&#8221; global_colors_info=&#8221;{}&#8221; custom_padding__hover=&#8221;|||&#8221;][et_pb_wc_cart_notice _builder_version=&#8221;4.16&#8243; global_colors_info=&#8221;{}&#8221;][\/et_pb_wc_cart_notice][\/et_pb_column][\/et_pb_row][et_pb_row _builder_version=&#8221;4.16&#8243; _module_preset=&#8221;default&#8221; global_colors_info=&#8221;{}&#8221;][et_pb_column type=&#8221;4_4&#8243; _builder_version=&#8221;4.16&#8243; _module_preset=&#8221;default&#8221; global_colors_info=&#8221;{}&#8221;][et_pb_text _builder_version=&#8221;4.16&#8243; _module_preset=&#8221;default&#8221; header_2_font=&#8221;|300|||||||&#8221; header_2_font_size=&#8221;25px&#8221; global_colors_info=&#8221;{}&#8221;]<\/p>\n<h2>Stage Optimist perfectionnement<\/h2>\n<p>[\/et_pb_text][et_pb_text _builder_version=&#8221;4.16&#8243; _module_preset=&#8221;default&#8221; global_colors_info=&#8221;{}&#8221;]<\/p>\n<p>R\u00e9servez votre stage Optimist perfectionnement !<br \/>de 7 \u00e0 10 ans<\/p>\n<p>Stage de 5 jours \u00e0 compter de la date choisie<\/p>\n<p>[\/et_pb_text][et_pb_wc_description _builder_version=&#8221;4.16&#8243; _module_preset=&#8221;default&#8221; global_colors_info=&#8221;{}&#8221;][\/et_pb_wc_description][et_pb_text _builder_version=&#8221;4.27.6&#8243; _module_preset=&#8221;default&#8221; text_font=&#8221;||||||||&#8221; text_text_color=&#8221;#E6B012&#8243; text_font_size=&#8221;26px&#8221; hover_enabled=&#8221;0&#8243; global_colors_info=&#8221;{}&#8221; sticky_enabled=&#8221;0&#8243;]<\/p>\n<p>Tarif du 1er stage : 180\u20ac<br \/>Tarif du 2nd stage : 150\u20ac<\/p>\n<p>Acompte demand\u00e9 : 50\u20ac<\/p>\n<p>[\/et_pb_text][et_pb_wc_add_to_cart show_quantity=&#8221;off&#8221; _builder_version=&#8221;4.16&#8243; custom_button=&#8221;on&#8221; button_text_size=&#8221;20px&#8221; button_bg_use_color_gradient=&#8221;on&#8221; button_bg_color_gradient_direction=&#8221;135deg&#8221; button_bg_color_gradient_stops=&#8221;#003659 90%|#e6b012 90%&#8221; button_bg_color_gradient_start=&#8221;#003659&#8243; button_bg_color_gradient_start_position=&#8221;90%&#8221; button_bg_color_gradient_end=&#8221;#e6b012&#8243; button_bg_color_gradient_end_position=&#8221;90%&#8221; global_colors_info=&#8221;{}&#8221; button_bg_color__hover_enabled=&#8221;on|hover&#8221; button_bg_color_gradient_start__hover=&#8221;#e6b012&#8243; button_bg_use_color_gradient__hover=&#8221;on&#8221; button_bg_color_gradient_end__hover=&#8221;#003659&#8243; button_bg_color_gradient_stops__hover=&#8221;#e6b012 0%|#003659 100%&#8221;][\/et_pb_wc_add_to_cart][\/et_pb_column][\/et_pb_row][\/et_pb_section]<\/p>\n","protected":false},"excerpt":{"rendered":"<p>Stage Optimist perfectionnementR\u00e9servez votre stage Optimist perfectionnement !de 7 \u00e0 10 ans Stage de 5 jours \u00e0 compter de la date choisieTarif du 1er stage : 180\u20acTarif du 2nd stage : 150\u20ac Acompte demand\u00e9 : 50\u20ac<\/p>\n","protected":false},"featured_media":14606,"template":"","meta":{"_et_pb_use_builder":"on","_et_pb_old_content":"","_et_gb_content_width":""},"product_brand":[],"product_cat":[54],"product_tag":[],"class_list":{"0":"post-238673","1":"product","2":"type-product","3":"status-publish","4":"has-post-thumbnail","6":"product_cat-ecole-de-voile","8":"first","9":"instock","10":"sold-individually","11":"shipping-taxable","12":"purchasable","13":"product-type-booking"},"exclude_global_add_ons":false,"addons":[{"name":"Pr\u00e9nom du stagiaire","type":"custom_text","position":0,"required":true,"title_format":"heading","default":"","description_enable":false,"description":"","placeholder_enable":false,"placeholder":"","display":"select","restrictions_type":"any_text","adjust_price":false,"price":"","price_type":"flat_fee","restrictions":false,"min":"0","max":"0","options":[],"id":1745946557},{"name":"Nom du stagiaire","type":"custom_text","position":1,"required":true,"title_format":"heading","default":"","description_enable":false,"description":"","placeholder_enable":false,"placeholder":"","display":"select","restrictions_type":"any_text","adjust_price":false,"price":"","price_type":"flat_fee","restrictions":false,"min":"0","max":"0","options":[],"id":1745946558},{"name":"Date de naissance du stagiaire","type":"custom_text","position":2,"required":true,"title_format":"heading","default":"","description_enable":false,"description":"","placeholder_enable":false,"placeholder":"","display":"select","restrictions_type":"any_text","adjust_price":false,"price":"","price_type":"flat_fee","restrictions":false,"min":"0","max":"0","options":[],"id":1745946559},{"name":"Qualit\u00e9","type":"checkbox","position":3,"required":false,"title_format":"heading","default":"","description_enable":false,"description":"","placeholder_enable":false,"placeholder":"","display":"select","restrictions_type":"any_text","adjust_price":false,"price":"","price_type":"flat_fee","restrictions":false,"min":"0","max":"0","options":[{"label":"Parent du stagiaire","price":"","price_type":"flat_fee","image":0},{"label":"Grand-parent du stagiaire","price":"","price_type":"flat_fee","image":0},{"label":"Repr\u00e9sentant l\u00e9gal du stagiaire","price":"","price_type":"flat_fee","image":0}],"id":1745946560},{"name":"J'autorise","type":"checkbox","position":4,"required":false,"title_format":"heading","default":"","description_enable":false,"description":"","placeholder_enable":false,"placeholder":"","display":"select","restrictions_type":"any_text","adjust_price":false,"price":"","price_type":"flat_fee","restrictions":false,"min":"0","max":"0","options":[{"label":"le stagiaire \u00e0 participer aux activit\u00e9s organis\u00e9es par le COYCH","price":"","price_type":"flat_fee","image":0},{"label":"le stagiaire \u00e0 quitter l'enceinte de l'\u00e9cole de voile du COYCH \u00e0 la fin de chaque s\u00e9ance par ses propres moyens","price":"","price_type":"flat_fee","image":0},{"label":"le responsable de l'\u00e9cole de voile du COYCH (ou son repr\u00e9sentant) \u00e0 prendre les d\u00e9cisions qu'il jugera n\u00e9cessaire en cas d'accident","price":"","price_type":"flat_fee","image":0}],"id":1745946561},{"name":"J'atteste de l'aptitude du stagiaire \u00e0","type":"checkbox","position":5,"required":false,"title_format":"heading","default":"","description_enable":false,"description":"","placeholder_enable":false,"placeholder":"","display":"select","restrictions_type":"any_text","adjust_price":false,"price":"","price_type":"flat_fee","restrictions":false,"min":"0","max":"0","options":[{"label":"s'immerger et \u00e0 nager au moins 25 m\u00e8tres (si moins de 16 ans)","price":"","price_type":"flat_fee","image":0},{"label":"s'immerger et \u00e0 nager au moins 50 m\u00e8tres (si plus de 16 ans)","price":"","price_type":"flat_fee","image":0},{"label":"\u00eatre en condition physique n\u00e9cessaire \u00e0 la pratique des sports nautiques","price":"","price_type":"flat_fee","image":0}],"id":1745946562}],"_links":{"self":[{"href":"https:\/\/www.coych.org\/en\/wp-json\/wp\/v2\/product\/238673","targetHints":{"allow":["GET"]}}],"collection":[{"href":"https:\/\/www.coych.org\/en\/wp-json\/wp\/v2\/product"}],"about":[{"href":"https:\/\/www.coych.org\/en\/wp-json\/wp\/v2\/types\/product"}],"wp:featuredmedia":[{"embeddable":true,"href":"https:\/\/www.coych.org\/en\/wp-json\/wp\/v2\/media\/14606"}],"wp:attachment":[{"href":"https:\/\/www.coych.org\/en\/wp-json\/wp\/v2\/media?parent=238673"}],"wp:term":[{"taxonomy":"product_brand","embeddable":true,"href":"https:\/\/www.coych.org\/en\/wp-json\/wp\/v2\/product_brand?post=238673"},{"taxonomy":"product_cat","embeddable":true,"href":"https:\/\/www.coych.org\/en\/wp-json\/wp\/v2\/product_cat?post=238673"},{"taxonomy":"product_tag","embeddable":true,"href":"https:\/\/www.coych.org\/en\/wp-json\/wp\/v2\/product_tag?post=238673"}],"curies":[{"name":"wp","href":"https:\/\/api.w.org\/{rel}","templated":true}]}}