{"id":238674,"date":"2021-04-28T16:05:52","date_gmt":"2021-04-28T14:05:52","guid":{"rendered":"https:\/\/www.coych.org\/?post_type=product&#038;p=238674"},"modified":"2026-05-06T11:50:53","modified_gmt":"2026-05-06T09:50:53","slug":"hobie-cat-dragoon-debutant","status":"publish","type":"product","link":"https:\/\/www.coych.org\/en\/regate\/hobie-cat-dragoon-debutant\/","title":{"rendered":"Hobie Cat Dragoon d\u00e9butant"},"content":{"rendered":"<p>[et_pb_section fb_built=&#8221;1&#8243; module_class=&#8221;no_darkmode&#8221; _builder_version=&#8221;4.16&#8243; _dynamic_attributes=&#8221;background_image&#8221; use_background_color_gradient=&#8221;on&#8221; background_color_gradient_stops=&#8221;rgba(0,0,0,0.7) 0%|rgba(0,0,0,0.7) 100%&#8221; background_color_gradient_start=&#8221;rgba(0,0,0,0.7)&#8221; background_color_gradient_end=&#8221;rgba(0,0,0,0.7)&#8221; background_image=&#8221;@ET-DC@eyJkeW5hbWljIjp0cnVlLCJjb250ZW50IjoicG9zdF9mZWF0dXJlZF9pbWFnZSIsInNldHRpbmdzIjp7fX0=@&#8221; background_blend=&#8221;overlay&#8221; custom_padding=&#8221;100px||100px||true|false&#8221; z_index_tablet=&#8221;500&#8243; da_disable_devices=&#8221;off|off|off&#8221; box_shadow_horizontal_tablet=&#8221;0px&#8221; box_shadow_vertical_tablet=&#8221;0px&#8221; box_shadow_blur_tablet=&#8221;40px&#8221; box_shadow_spread_tablet=&#8221;0px&#8221; global_colors_info=&#8221;{}&#8221; da_is_popup=&#8221;off&#8221; da_exit_intent=&#8221;off&#8221; da_has_close=&#8221;on&#8221; da_alt_close=&#8221;off&#8221; da_dark_close=&#8221;off&#8221; da_not_modal=&#8221;on&#8221; da_is_singular=&#8221;off&#8221; da_with_loader=&#8221;off&#8221; da_has_shadow=&#8221;on&#8221;][et_pb_row _builder_version=&#8221;4.16&#8243; custom_padding=&#8221;||||true|false&#8221; global_colors_info=&#8221;{}&#8221;][et_pb_column type=&#8221;4_4&#8243; _builder_version=&#8221;4.16&#8243; global_colors_info=&#8221;{}&#8221;][et_pb_wc_title _builder_version=&#8221;4.16&#8243; header_font=&#8221;|600|||||||&#8221; header_text_align=&#8221;center&#8221; header_text_color=&#8221;#FFFFFF&#8221; global_colors_info=&#8221;{}&#8221;][\/et_pb_wc_title][\/et_pb_column][\/et_pb_row][\/et_pb_section][et_pb_section fb_built=&#8221;1&#8243; _builder_version=&#8221;4.16&#8243; custom_padding=&#8221;0px||||false|false&#8221; da_disable_devices=&#8221;off|off|off&#8221; global_colors_info=&#8221;{}&#8221; da_is_popup=&#8221;off&#8221; da_exit_intent=&#8221;off&#8221; da_has_close=&#8221;on&#8221; da_alt_close=&#8221;off&#8221; da_dark_close=&#8221;off&#8221; da_not_modal=&#8221;on&#8221; da_is_singular=&#8221;off&#8221; da_with_loader=&#8221;off&#8221; da_has_shadow=&#8221;on&#8221;][et_pb_row _builder_version=&#8221;4.16&#8243; background_size=&#8221;initial&#8221; background_position=&#8221;top_left&#8221; background_repeat=&#8221;repeat&#8221; width_last_edited=&#8221;off|desktop&#8221; custom_padding=&#8221;||||false|false&#8221; global_colors_info=&#8221;{}&#8221;][et_pb_column type=&#8221;4_4&#8243; _builder_version=&#8221;4.16&#8243; custom_padding=&#8221;|||&#8221; global_colors_info=&#8221;{}&#8221; custom_padding__hover=&#8221;|||&#8221;][et_pb_wc_cart_notice _builder_version=&#8221;4.16&#8243; global_colors_info=&#8221;{}&#8221;][\/et_pb_wc_cart_notice][\/et_pb_column][\/et_pb_row][et_pb_row _builder_version=&#8221;4.16&#8243; _module_preset=&#8221;default&#8221; global_colors_info=&#8221;{}&#8221;][et_pb_column type=&#8221;4_4&#8243; _builder_version=&#8221;4.16&#8243; _module_preset=&#8221;default&#8221; global_colors_info=&#8221;{}&#8221;][et_pb_text _builder_version=&#8221;4.16&#8243; _module_preset=&#8221;default&#8221; header_2_font=&#8221;|300|||||||&#8221; header_2_font_size=&#8221;25px&#8221; global_colors_info=&#8221;{}&#8221;]<\/p>\n<h2>Stage Hobie Cat Dragoon d\u00e9butant<\/h2>\n<p>[\/et_pb_text][et_pb_text _builder_version=&#8221;4.16&#8243; _module_preset=&#8221;default&#8221; global_colors_info=&#8221;{}&#8221;]<\/p>\n<p>R\u00e9servez votre stage Hobie Cat Dragoon d\u00e9butant !<br \/>de 11 \u00e0 14 ans<\/p>\n<p>Stage de 5 jours \u00e0 compter de la date choisie<\/p>\n<p>[\/et_pb_text][et_pb_wc_description admin_label=&#8221;Woo Description&#8221; _builder_version=&#8221;4.16&#8243; _module_preset=&#8221;default&#8221; global_colors_info=&#8221;{}&#8221;][\/et_pb_wc_description][et_pb_text _builder_version=&#8221;4.27.6&#8243; _module_preset=&#8221;default&#8221; text_font=&#8221;||||||||&#8221; text_text_color=&#8221;#E6B012&#8243; text_font_size=&#8221;26px&#8221; hover_enabled=&#8221;0&#8243; global_colors_info=&#8221;{}&#8221; sticky_enabled=&#8221;0&#8243;]<\/p>\n<p>Tarif du 1er stage : 195\u20ac<br \/>Tarif du 2nd stage : 160\u20ac<\/p>\n<p>Acompte demand\u00e9 : 50\u20ac<\/p>\n<p>[\/et_pb_text][et_pb_wc_add_to_cart show_quantity=&#8221;off&#8221; _builder_version=&#8221;4.16&#8243; custom_button=&#8221;on&#8221; button_text_size=&#8221;20px&#8221; button_bg_use_color_gradient=&#8221;on&#8221; button_bg_color_gradient_direction=&#8221;135deg&#8221; button_bg_color_gradient_stops=&#8221;#003659 90%|#e6b012 90%&#8221; button_bg_color_gradient_start=&#8221;#003659&#8243; button_bg_color_gradient_start_position=&#8221;90%&#8221; button_bg_color_gradient_end=&#8221;#e6b012&#8243; button_bg_color_gradient_end_position=&#8221;90%&#8221; global_colors_info=&#8221;{}&#8221; button_bg_color__hover_enabled=&#8221;on|hover&#8221; button_bg_color_gradient_start__hover=&#8221;#e6b012&#8243; button_bg_use_color_gradient__hover=&#8221;on&#8221; button_bg_color_gradient_end__hover=&#8221;#003659&#8243; button_bg_color_gradient_stops__hover=&#8221;#e6b012 0%|#003659 100%&#8221;][\/et_pb_wc_add_to_cart][\/et_pb_column][\/et_pb_row][\/et_pb_section]<\/p>\n","protected":false},"excerpt":{"rendered":"<p>L\u2019\u00e9cole de voile du COYCH propose des stages qui vous permettront d&#8217;aller o\u00f9 vous le d\u00e9sirez sur le plan d&#8217;eau avec une ma\u00eetrise suffisante de votre embarcation.<br \/>\nCes stages ont lieu sur cinq 1\/2 journ\u00e9es du lundi au vendredi, le matin de 9h30 \u00e0 12h30 et l&#8217;apr\u00e8s midi de 14h \u00e017h.<br \/>\nL&#8217;encadrement sur l&#8217;eau est assur\u00e9 par des moniteurs dipl\u00f4m\u00e9s du COYCH (moniteurs f\u00e9d\u00e9raux et brevets d&#8217;\u00e9tat) qui entra\u00eenent par ailleurs sur diff\u00e9rents supports nos \u00e9quipes de comp\u00e9tition toute l&#8217;ann\u00e9e.<br \/>\nCes stages s&#8217;articulent autour d&#8217;une progression technique et p\u00e9dagogique compos\u00e9e d&#8217;exercices qui vous aideront \u00e0 \u00e9valuer vos progr\u00e8s, et vous informeront des difficult\u00e9s \u00e0 surmonter pour mieux progresser.<br \/>\nDes cours th\u00e9oriques sont \u00e9galement dispens\u00e9s chaque jour avant et apr\u00e8s les sorties en mer.<br \/>\nUn livret national, attestant le niveau acquis et valable dans toutes les Ecoles Fran\u00e7aises de Voile, vous sera remis en fin de stage.<\/p>\n","protected":false},"featured_media":238707,"template":"","meta":{"_et_pb_use_builder":"on","_et_pb_old_content":"","_et_gb_content_width":""},"product_brand":[],"product_cat":[54],"product_tag":[],"class_list":{"0":"post-238674","1":"product","2":"type-product","3":"status-publish","4":"has-post-thumbnail","6":"product_cat-ecole-de-voile","8":"first","9":"instock","10":"sold-individually","11":"shipping-taxable","12":"purchasable","13":"product-type-booking"},"exclude_global_add_ons":false,"addons":[{"name":"Pr\u00e9nom du stagiaire","type":"custom_text","position":0,"required":true,"title_format":"heading","default":"","description_enable":false,"description":"","placeholder_enable":false,"placeholder":"","display":"select","restrictions_type":"any_text","adjust_price":false,"price":"","price_type":"flat_fee","restrictions":false,"min":"0","max":"0","options":[],"id":1745946711},{"name":"Nom du stagiaire","type":"custom_text","position":1,"required":true,"title_format":"heading","default":"","description_enable":false,"description":"","placeholder_enable":false,"placeholder":"","display":"select","restrictions_type":"any_text","adjust_price":false,"price":"","price_type":"flat_fee","restrictions":false,"min":"0","max":"0","options":[],"id":1745946712},{"name":"Date de naissance du stagiaire","type":"custom_text","position":2,"required":true,"title_format":"heading","default":"","description_enable":false,"description":"","placeholder_enable":false,"placeholder":"","display":"select","restrictions_type":"any_text","adjust_price":false,"price":"","price_type":"flat_fee","restrictions":false,"min":"0","max":"0","options":[],"id":1745946713},{"name":"Qualit\u00e9","type":"checkbox","position":3,"required":false,"title_format":"heading","default":"","description_enable":false,"description":"","placeholder_enable":false,"placeholder":"","display":"select","restrictions_type":"any_text","adjust_price":false,"price":"","price_type":"flat_fee","restrictions":false,"min":"0","max":"0","options":[{"label":"Parent du stagiaire","price":"","price_type":"flat_fee","image":0},{"label":"Grand-parent du stagiaire","price":"","price_type":"flat_fee","image":0},{"label":"Repr\u00e9sentant l\u00e9gal du stagiaire","price":"","price_type":"flat_fee","image":0}],"id":1745946714},{"name":"J'autorise","type":"checkbox","position":4,"required":false,"title_format":"heading","default":"","description_enable":false,"description":"","placeholder_enable":false,"placeholder":"","display":"select","restrictions_type":"any_text","adjust_price":false,"price":"","price_type":"flat_fee","restrictions":false,"min":"0","max":"0","options":[{"label":"le stagiaire \u00e0 participer aux activit\u00e9s organis\u00e9es par le COYCH","price":"","price_type":"flat_fee","image":0},{"label":"le stagiaire \u00e0 quitter l'enceinte de l'\u00e9cole de voile du COYCH \u00e0 la fin de chaque s\u00e9ance par ses propres moyens","price":"","price_type":"flat_fee","image":0},{"label":"le responsable de l'\u00e9cole de voile du COYCH (ou son repr\u00e9sentant) \u00e0 prendre les d\u00e9cisions qu'il jugera n\u00e9cessaire en cas d'accident","price":"","price_type":"flat_fee","image":0}],"id":1745946715},{"name":"J'atteste de l'aptitude du stagiaire \u00e0","type":"checkbox","position":5,"required":false,"title_format":"heading","default":"","description_enable":false,"description":"","placeholder_enable":false,"placeholder":"","display":"select","restrictions_type":"any_text","adjust_price":false,"price":"","price_type":"flat_fee","restrictions":false,"min":"0","max":"0","options":[{"label":"s'immerger et \u00e0 nager au moins 25 m\u00e8tres (si moins de 16 ans)","price":"","price_type":"flat_fee","image":0},{"label":"s'immerger et \u00e0 nager au moins 50 m\u00e8tres (si plus de 16 ans)","price":"","price_type":"flat_fee","image":0},{"label":"\u00eatre en condition physique n\u00e9cessaire \u00e0 la pratique des sports nautiques","price":"","price_type":"flat_fee","image":0}],"id":1745946716}],"_links":{"self":[{"href":"https:\/\/www.coych.org\/en\/wp-json\/wp\/v2\/product\/238674","targetHints":{"allow":["GET"]}}],"collection":[{"href":"https:\/\/www.coych.org\/en\/wp-json\/wp\/v2\/product"}],"about":[{"href":"https:\/\/www.coych.org\/en\/wp-json\/wp\/v2\/types\/product"}],"wp:featuredmedia":[{"embeddable":true,"href":"https:\/\/www.coych.org\/en\/wp-json\/wp\/v2\/media\/238707"}],"wp:attachment":[{"href":"https:\/\/www.coych.org\/en\/wp-json\/wp\/v2\/media?parent=238674"}],"wp:term":[{"taxonomy":"product_brand","embeddable":true,"href":"https:\/\/www.coych.org\/en\/wp-json\/wp\/v2\/product_brand?post=238674"},{"taxonomy":"product_cat","embeddable":true,"href":"https:\/\/www.coych.org\/en\/wp-json\/wp\/v2\/product_cat?post=238674"},{"taxonomy":"product_tag","embeddable":true,"href":"https:\/\/www.coych.org\/en\/wp-json\/wp\/v2\/product_tag?post=238674"}],"curies":[{"name":"wp","href":"https:\/\/api.w.org\/{rel}","templated":true}]}}