{"id":252357,"date":"2026-05-12T15:46:41","date_gmt":"2026-05-12T13:46:41","guid":{"rendered":"https:\/\/www.coych.org\/?post_type=product&#038;p=252357"},"modified":"2026-05-12T15:49:55","modified_gmt":"2026-05-12T13:49:55","slug":"finale-optimist-departement-du-var","status":"publish","type":"product","link":"https:\/\/www.coych.org\/en\/regate\/finale-optimist-departement-du-var\/","title":{"rendered":"Finale Optimist d\u00e9partement du Var"},"content":{"rendered":"<p>[et_pb_section fb_built=&#8221;1&#8243; module_class=&#8221;no_darkmode&#8221; _builder_version=&#8221;4.16&#8243; _dynamic_attributes=&#8221;background_image&#8221; use_background_color_gradient=&#8221;on&#8221; background_color_gradient_stops=&#8221;rgba(0,0,0,0.7) 0%|rgba(0,0,0,0.7) 100%&#8221; background_color_gradient_start=&#8221;rgba(0,0,0,0.7)&#8221; background_color_gradient_end=&#8221;rgba(0,0,0,0.7)&#8221; background_image=&#8221;@ET-DC@eyJkeW5hbWljIjp0cnVlLCJjb250ZW50IjoicG9zdF9mZWF0dXJlZF9pbWFnZSIsInNldHRpbmdzIjp7fX0=@&#8221; background_blend=&#8221;overlay&#8221; custom_padding=&#8221;100px||100px||true|false&#8221; z_index_tablet=&#8221;500&#8243; da_disable_devices=&#8221;off|off|off&#8221; box_shadow_horizontal_tablet=&#8221;0px&#8221; box_shadow_vertical_tablet=&#8221;0px&#8221; box_shadow_blur_tablet=&#8221;40px&#8221; box_shadow_spread_tablet=&#8221;0px&#8221; global_colors_info=&#8221;{}&#8221; da_is_popup=&#8221;off&#8221; da_exit_intent=&#8221;off&#8221; da_has_close=&#8221;on&#8221; da_alt_close=&#8221;off&#8221; da_dark_close=&#8221;off&#8221; da_not_modal=&#8221;on&#8221; da_is_singular=&#8221;off&#8221; da_with_loader=&#8221;off&#8221; da_has_shadow=&#8221;on&#8221;][et_pb_row _builder_version=&#8221;4.16&#8243; custom_padding=&#8221;||||true|false&#8221; global_colors_info=&#8221;{}&#8221;][et_pb_column type=&#8221;4_4&#8243; _builder_version=&#8221;4.16&#8243; global_colors_info=&#8221;{}&#8221;][et_pb_wc_title _builder_version=&#8221;4.16&#8243; header_font=&#8221;|600|||||||&#8221; header_text_align=&#8221;center&#8221; header_text_color=&#8221;#FFFFFF&#8221; global_colors_info=&#8221;{}&#8221;][\/et_pb_wc_title][\/et_pb_column][\/et_pb_row][\/et_pb_section][et_pb_section fb_built=&#8221;1&#8243; _builder_version=&#8221;4.16&#8243; custom_padding=&#8221;0px||||false|false&#8221; da_disable_devices=&#8221;off|off|off&#8221; global_colors_info=&#8221;{}&#8221; da_is_popup=&#8221;off&#8221; da_exit_intent=&#8221;off&#8221; da_has_close=&#8221;on&#8221; da_alt_close=&#8221;off&#8221; da_dark_close=&#8221;off&#8221; da_not_modal=&#8221;on&#8221; da_is_singular=&#8221;off&#8221; da_with_loader=&#8221;off&#8221; da_has_shadow=&#8221;on&#8221;][et_pb_row _builder_version=&#8221;4.16&#8243; background_size=&#8221;initial&#8221; background_position=&#8221;top_left&#8221; background_repeat=&#8221;repeat&#8221; width_last_edited=&#8221;off|desktop&#8221; custom_padding=&#8221;||||false|false&#8221; global_colors_info=&#8221;{}&#8221;][et_pb_column type=&#8221;4_4&#8243; _builder_version=&#8221;4.16&#8243; custom_padding=&#8221;|||&#8221; global_colors_info=&#8221;{}&#8221; custom_padding__hover=&#8221;|||&#8221;][et_pb_wc_cart_notice _builder_version=&#8221;4.16&#8243; global_colors_info=&#8221;{}&#8221;][\/et_pb_wc_cart_notice][\/et_pb_column][\/et_pb_row][et_pb_row _builder_version=&#8221;4.16&#8243; _module_preset=&#8221;default&#8221; global_colors_info=&#8221;{}&#8221;][et_pb_column type=&#8221;4_4&#8243; _builder_version=&#8221;4.16&#8243; _module_preset=&#8221;default&#8221; global_colors_info=&#8221;{}&#8221;][et_pb_text _builder_version=&#8221;4.27.6&#8243; _module_preset=&#8221;default&#8221; header_2_font=&#8221;|300|||||||&#8221; header_2_font_size=&#8221;25px&#8221; hover_enabled=&#8221;0&#8243; global_colors_info=&#8221;{}&#8221; sticky_enabled=&#8221;0&#8243;]<\/p>\n<h2>Samedi 13 juin 2026<\/h2>\n<p>[\/et_pb_text][\/et_pb_column][\/et_pb_row][et_pb_row column_structure=&#8221;1_2,1_2&#8243; _builder_version=&#8221;4.16&#8243; background_size=&#8221;initial&#8221; background_position=&#8221;top_left&#8221; background_repeat=&#8221;repeat&#8221; custom_padding=&#8221;||||false|false&#8221; global_colors_info=&#8221;{}&#8221; width__hover_enabled=&#8221;off|desktop&#8221;][et_pb_column type=&#8221;1_2&#8243; _builder_version=&#8221;4.16&#8243; custom_padding=&#8221;|||&#8221; global_colors_info=&#8221;{}&#8221; custom_padding__hover=&#8221;|||&#8221;][et_pb_wc_images _builder_version=&#8221;4.16&#8243; global_colors_info=&#8221;{}&#8221;][\/et_pb_wc_images][\/et_pb_column][et_pb_column type=&#8221;1_2&#8243; _builder_version=&#8221;4.16&#8243; _module_preset=&#8221;default&#8221; global_colors_info=&#8221;{}&#8221;][et_pb_toggle title=&#8221;Tableau officiel&#8221; open=&#8221;on&#8221; open_toggle_background_color=&#8221;#FFFFFF&#8221; closed_toggle_text_color=&#8221;#003659&#8243; closed_toggle_background_color=&#8221;#FFFFFF&#8221; icon_color=&#8221;#003659&#8243; open_icon_color=&#8221;#003659&#8243; _builder_version=&#8221;4.27.6&#8243; _module_preset=&#8221;default&#8221; title_font=&#8221;|600|||||||&#8221; title_font_size=&#8221;17px&#8221; closed_title_font=&#8221;|600|||||||&#8221; closed_title_font_size=&#8221;17px&#8221; border_width_all=&#8221;0px&#8221; box_shadow_style=&#8221;preset3&#8243; locked=&#8221;off&#8221; global_colors_info=&#8221;{}&#8221;]<\/p>\n<p>Aucun document.<\/p>\n<p>[\/et_pb_toggle][et_pb_toggle title=&#8221;Jury&#8221; open=&#8221;on&#8221; open_toggle_background_color=&#8221;#FFFFFF&#8221; closed_toggle_text_color=&#8221;#003659&#8243; closed_toggle_background_color=&#8221;#FFFFFF&#8221; icon_color=&#8221;#003659&#8243; open_icon_color=&#8221;#003659&#8243; _builder_version=&#8221;4.27.6&#8243; _module_preset=&#8221;default&#8221; title_font=&#8221;|600|||||||&#8221; title_font_size=&#8221;17px&#8221; closed_title_font=&#8221;|600|||||||&#8221; closed_title_font_size=&#8221;17px&#8221; border_width_all=&#8221;0px&#8221; box_shadow_style=&#8221;preset3&#8243; locked=&#8221;off&#8221; global_colors_info=&#8221;{}&#8221;]<\/p>\n<p>Aucun document.<\/p>\n<p>[\/et_pb_toggle][et_pb_toggle title=&#8221;R\u00e9sultats&#8221; open=&#8221;on&#8221; open_toggle_background_color=&#8221;#FFFFFF&#8221; closed_toggle_text_color=&#8221;#003659&#8243; closed_toggle_background_color=&#8221;#FFFFFF&#8221; icon_color=&#8221;#003659&#8243; open_icon_color=&#8221;#003659&#8243; _builder_version=&#8221;4.27.6&#8243; _module_preset=&#8221;default&#8221; title_font=&#8221;|600|||||||&#8221; title_font_size=&#8221;17px&#8221; closed_title_font=&#8221;|600|||||||&#8221; closed_title_font_size=&#8221;17px&#8221; border_width_all=&#8221;0px&#8221; box_shadow_style=&#8221;preset3&#8243; locked=&#8221;off&#8221; global_colors_info=&#8221;{}&#8221;]<\/p>\n<p>Aucun document.<\/p>\n<p>[\/et_pb_toggle][\/et_pb_column][\/et_pb_row][et_pb_row disabled_on=&#8221;off|off|off&#8221; _builder_version=&#8221;4.27.5&#8243; _module_preset=&#8221;default&#8221; collapsed=&#8221;off&#8221; global_colors_info=&#8221;{}&#8221;][et_pb_column type=&#8221;4_4&#8243; _builder_version=&#8221;4.16&#8243; _module_preset=&#8221;default&#8221; global_colors_info=&#8221;{}&#8221;][et_pb_text _builder_version=&#8221;4.16&#8243; _module_preset=&#8221;default&#8221; global_colors_info=&#8221;{}&#8221;]<\/p>\n<h3>Inscription<\/h3>\n<p>[\/et_pb_text][et_pb_text _builder_version=&#8221;4.16&#8243; _module_preset=&#8221;default&#8221; header_text_color=&#8221;#E6B012&#8243; header_5_text_color=&#8221;#E6B012&#8243; header_5_line_height=&#8221;0em&#8221; global_colors_info=&#8221;{}&#8221;]<\/p>\n<h5>Frais d&#8217;inscription :<\/h5>\n<p>[\/et_pb_text][et_pb_wc_price _builder_version=&#8221;4.16&#8243; global_colors_info=&#8221;{}&#8221;][\/et_pb_wc_price][et_pb_blurb use_icon=&#8221;on&#8221; font_icon=&#8221;&#x73;||divi||400&#8243; icon_placement=&#8221;left&#8221; content_max_width=&#8221;1100px&#8221; _builder_version=&#8221;4.16&#8243; _module_preset=&#8221;default&#8221; global_colors_info=&#8221;{}&#8221;]<\/p>\n<p>Merci de remplir la fiche d&#8217;inscription en fonction de chaque coureur, et non en fonction de la personne qui r\u00e8glera l&#8217;inscription (club, coach, parent &#8230;)<\/p>\n<p>[\/et_pb_blurb][et_pb_wc_add_to_cart show_quantity=&#8221;off&#8221; _builder_version=&#8221;4.16&#8243; custom_button=&#8221;on&#8221; button_text_size=&#8221;27px&#8221; button_bg_use_color_gradient=&#8221;on&#8221; button_bg_color_gradient_direction=&#8221;135deg&#8221; button_bg_color_gradient_stops=&#8221;#003659 90%|#e6b012 90%&#8221; button_bg_color_gradient_start=&#8221;#003659&#8243; button_bg_color_gradient_start_position=&#8221;90%&#8221; button_bg_color_gradient_end=&#8221;#e6b012&#8243; button_bg_color_gradient_end_position=&#8221;90%&#8221; global_colors_info=&#8221;{}&#8221; button_bg_color__hover_enabled=&#8221;on|hover&#8221; button_bg_color_gradient_start__hover=&#8221;#e6b012&#8243; button_bg_use_color_gradient__hover=&#8221;on&#8221; button_bg_color_gradient_end__hover=&#8221;#003659&#8243; button_bg_color_gradient_stops__hover=&#8221;#e6b012 90%|#003659 90%&#8221;][\/et_pb_wc_add_to_cart][\/et_pb_column][\/et_pb_row][\/et_pb_section]<\/p>\n","protected":false},"excerpt":{"rendered":"<p>Samedi 13 juin 2026<p>Aucun document.<\/p><p>Aucun document.<\/p><p>Aucun document.<\/p>InscriptionFrais d&#8217;inscription :Merci de remplir la fiche d&#8217;inscription en fonction de chaque coureur, et non en fonction de la personne qui r\u00e8glera l&#8217;inscription (club, coach, parent &#8230;)<\/p>\n","protected":false},"featured_media":239555,"template":"","meta":{"_et_pb_use_builder":"on","_et_pb_old_content":"","_et_gb_content_width":""},"product_brand":[],"product_cat":[53],"product_tag":[],"class_list":{"0":"post-252357","1":"product","2":"type-product","3":"status-publish","4":"has-post-thumbnail","6":"product_cat-regates","8":"first","9":"instock","10":"shipping-taxable","11":"purchasable","12":"product-type-variable"},"exclude_global_add_ons":false,"addons":[{"name":"Pr\u00e9nom","type":"custom_text","position":0,"required":true,"title_format":"label","default":"","description_enable":false,"description":"","placeholder_enable":false,"placeholder":"","display":"select","restrictions_type":"any_text","adjust_price":false,"price":"","price_type":"flat_fee","restrictions":false,"min":"0","max":"0","options":[],"id":1740127993},{"name":"Nom","type":"custom_text","position":1,"required":true,"title_format":"label","default":"","description_enable":false,"description":"","placeholder_enable":false,"placeholder":"","display":"select","restrictions_type":"any_text","adjust_price":false,"price":"","price_type":"flat_fee","restrictions":false,"min":"0","max":"0","options":[],"id":1740127994},{"name":"Date de naissance","type":"custom_text","position":2,"required":true,"title_format":"label","default":"","description_enable":false,"description":"","placeholder_enable":false,"placeholder":"","display":"select","restrictions_type":"any_text","adjust_price":false,"price":"","price_type":"flat_fee","restrictions":false,"min":"0","max":"0","options":[],"id":1740127995},{"name":"N\u00b0 de Licence FFVOILE","type":"custom_text","position":3,"required":false,"title_format":"label","default":"","description_enable":false,"description":"","placeholder_enable":false,"placeholder":"","display":"select","restrictions_type":"any_text","adjust_price":false,"price":"","price_type":"flat_fee","restrictions":false,"min":"0","max":"0","options":[],"id":1740127996},{"name":"Num\u00e9ro de voile","type":"custom_text","position":4,"required":true,"title_format":"label","default":"","description_enable":false,"description":"","placeholder_enable":false,"placeholder":"","display":"select","restrictions_type":"any_text","adjust_price":false,"price":"","price_type":"flat_fee","restrictions":false,"min":"0","max":"0","options":[],"id":1740127997},{"name":"Adresse email","type":"custom_text","position":5,"required":true,"title_format":"label","default":"","description_enable":false,"description":"","placeholder_enable":false,"placeholder":"","display":"select","restrictions_type":"any_text","adjust_price":false,"price":"","price_type":"flat_fee","restrictions":false,"min":"0","max":"0","options":[],"id":1740127998},{"name":"Num\u00e9ro de t\u00e9l\u00e9phone","type":"custom_text","position":6,"required":true,"title_format":"label","default":"","description_enable":false,"description":"","placeholder_enable":false,"placeholder":"","display":"select","restrictions_type":"any_text","adjust_price":false,"price":"","price_type":"flat_fee","restrictions":false,"min":"0","max":"0","options":[],"id":1740127999},{"name":"Coordonn\u00e9es du responsable lors de la r\u00e9gate","type":"custom_textarea","position":7,"required":true,"title_format":"label","default":"","description_enable":false,"description":"","placeholder_enable":false,"placeholder":"","display":"select","restrictions_type":"any_text","adjust_price":false,"price":"","price_type":"flat_fee","restrictions":false,"min":"0","max":"0","options":[],"id":1740128000},{"name":"D\u00e9posez ici l'attestation parentale (mod\u00e8le word dispo dans les documents de course)","type":"file_upload","position":8,"required":true,"title_format":"label","default":"","description_enable":false,"description":"","placeholder_enable":false,"placeholder":"","display":"select","restrictions_type":"any_text","adjust_price":false,"price":"","price_type":"flat_fee","restrictions":false,"min":"0","max":"0","options":[],"id":1772537153},{"name":"J'autorise le COYCH \u00e0 utiliser et diffuser les photos du bateau et de l'\u00e9quipage qui peuvent \u00eatre prises pendant la comp\u00e9tition.","type":"checkbox","position":9,"required":true,"title_format":"label","default":"","description_enable":false,"description":"","placeholder_enable":false,"placeholder":"","display":"select","restrictions_type":"any_text","adjust_price":false,"price":"","price_type":"flat_fee","restrictions":false,"min":"0","max":"0","options":[{"label":"Oui","price":"","price_type":"flat_fee","image":0},{"label":"Non","price":"","price_type":"flat_fee","image":0}],"id":1740128001},{"name":"Je m\u2019engage \u00e0 respecter les r\u00e8gles de la manifestation dont la r\u00e8gle fondamentale 4 des r\u00e8gles ISAF : \"Un concurrent est seul responsable de la d\u00e9cision de prendre le d\u00e9part ou non, ou de rester en course\"","type":"checkbox","position":10,"required":true,"title_format":"label","default":"","description_enable":false,"description":"","placeholder_enable":false,"placeholder":"","display":"select","restrictions_type":"any_text","adjust_price":false,"price":"","price_type":"flat_fee","restrictions":false,"min":"0","max":"0","options":[{"label":"Oui","price":"","price_type":"flat_fee","image":0},{"label":"Non","price":"","price_type":"flat_fee","image":0}],"id":1740128002}],"_links":{"self":[{"href":"https:\/\/www.coych.org\/en\/wp-json\/wp\/v2\/product\/252357","targetHints":{"allow":["GET"]}}],"collection":[{"href":"https:\/\/www.coych.org\/en\/wp-json\/wp\/v2\/product"}],"about":[{"href":"https:\/\/www.coych.org\/en\/wp-json\/wp\/v2\/types\/product"}],"wp:featuredmedia":[{"embeddable":true,"href":"https:\/\/www.coych.org\/en\/wp-json\/wp\/v2\/media\/239555"}],"wp:attachment":[{"href":"https:\/\/www.coych.org\/en\/wp-json\/wp\/v2\/media?parent=252357"}],"wp:term":[{"taxonomy":"product_brand","embeddable":true,"href":"https:\/\/www.coych.org\/en\/wp-json\/wp\/v2\/product_brand?post=252357"},{"taxonomy":"product_cat","embeddable":true,"href":"https:\/\/www.coych.org\/en\/wp-json\/wp\/v2\/product_cat?post=252357"},{"taxonomy":"product_tag","embeddable":true,"href":"https:\/\/www.coych.org\/en\/wp-json\/wp\/v2\/product_tag?post=252357"}],"curies":[{"name":"wp","href":"https:\/\/api.w.org\/{rel}","templated":true}]}}